{"id":71,"date":"2025-09-10T17:35:05","date_gmt":"2025-09-10T15:35:05","guid":{"rendered":"http:\/\/www.latelieraucarre.com\/?post_type=product&#038;p=71"},"modified":"2025-09-22T21:10:23","modified_gmt":"2025-09-22T19:10:23","slug":"carte-etape-bebe","status":"publish","type":"product","link":"https:\/\/www.latelieraucarre.com\/index.php\/produit\/carte-etape-bebe\/","title":{"rendered":"Carte \u00e9tape b\u00e9b\u00e9"},"content":{"rendered":"<p>Cartes \u00e9tapes pour b\u00e9b\u00e9 unique en son genre qui vous permettront de partager avec originalit\u00e9 les premi\u00e8res \u00e9tapes de votre nouveau n\u00e9 avec votre famille et vos amis.<\/p>\n<p>R\u00e9alis\u00e9 en bois de bouleau ou de tilleul d&#8217;une \u00e9paisseur de 3 mm.<br \/>\n* Les cartes des mois ont une dimension de 8 x 6 cm<br \/>\n* Les cartes des \u00e9tapes ont une dimension de 7 x 9 cm<br \/>\n* L&#8217;ourson fait 20 x 20 cm.<br \/>\n* L&#8217;option *carte pr\u00e9nom* inclue la carte avec le pr\u00e9nom, grav\u00e9e dans la police pr\u00e9sente sur la photo (la taille du pr\u00e9nom d\u00e9pendra du nombre de lettre du pr\u00e9nom) et \u00e9galement une carte avec la date de naissance + poids + taille.<br \/>\n* L&#8217;option *carte pr\u00e9nom vierge* inclue une carte &#8220;Je m&#8217;appelle&#8221; sans pr\u00e9nom et une carte &#8220;Je suis n\u00e9 le&#8221; vierge, vous laissant la possibilit\u00e9 d&#8217;offrir ces cartes avant la naissance du nouveau n\u00e9.<\/p>\n<p>* Les cartes \u00e9tapes de base sont les suivantes :<br \/>\n&#8211; Ma premi\u00e8re dent \/ Ma premi\u00e8re pur\u00e9e<br \/>\n&#8211; J&#8217;ai dit maman \/ J&#8217;ai dit papa<br \/>\n&#8211; Mon premier bain \/ Je me tiens debout<br \/>\n&#8211; Je marche \u00e0 4 pattes \/ Je sais m&#8217;asseoir<br \/>\n&#8211; Mes premiers pas \/ Ma premi\u00e8re nuit<br \/>\n&#8211; Mon premier No\u00ebl \/ Mon premier sourire<br \/>\nSi vous souhaitez remplacer certaines \u00e9tapes, merci de l&#8217;indiquer en commentaires. Attention, les \u00e9tapes personnalis\u00e9e **n&#8217;auront pas d&#8217;ic\u00f4ne associ\u00e9e**.<\/p>\n<p>N&#8217;h\u00e9sitez pas \u00e0 nous contactez, nous r\u00e9pondrons \u00e0 toutes vos questions y compris des personnalisations suppl\u00e9mentaires.<br \/>\nVous avez un projet particulier ? N&#8217;h\u00e9sitez pas \u00e0 nous contacter pour en discuter.<\/p>\n<p>Tous nos articles sont r\u00e9alis\u00e9s sur commande et le d\u00e9lais d\u00e9pends du nombre de commandes en cours.<br \/>\nToutes nos cr\u00e9ations sont faites dans notre atelier en France.<br \/>\nL\u2019envoi est s\u00e9curis\u00e9 avec num\u00e9ro de suivi.<\/p>\n<p>**Le bois \u00e9tant un mat\u00e9riau naturel, les objets peuvent ne pas \u00eatre parfait et comporter des diff\u00e9rences de couleurs, des fibres plus visible, des n\u0153uds etc.. Merci d&#8217;en tenir compte.**<\/p>\n<p>Pour suivre nos nouveaut\u00e9s, suivez-nous sur Instagram @latelier_au_carre<\/p>\n","protected":false},"excerpt":{"rendered":"<p>Cartes \u00e9tapes pour b\u00e9b\u00e9 unique en son genre qui vous permettront de partager avec originalit\u00e9 les premi\u00e8res \u00e9tapes de votre nouveau n\u00e9 avec votre famille et vos amis.<\/p>\n","protected":false},"featured_media":94,"comment_status":"open","ping_status":"closed","template":"","meta":[],"product_brand":[],"product_cat":[18],"product_tag":[20,21,22,19],"class_list":{"0":"post-71","1":"product","2":"type-product","3":"status-publish","4":"has-post-thumbnail","6":"product_cat-enfant","7":"product_tag-bebe","8":"product_tag-bois","9":"product_tag-cadeau","10":"product_tag-naissance","12":"first","13":"instock","14":"shipping-taxable","15":"purchasable","16":"product-type-variable"},"jetpack_sharing_enabled":true,"_links":{"self":[{"href":"https:\/\/www.latelieraucarre.com\/index.php\/wp-json\/wp\/v2\/product\/71","targetHints":{"allow":["GET"]}}],"collection":[{"href":"https:\/\/www.latelieraucarre.com\/index.php\/wp-json\/wp\/v2\/product"}],"about":[{"href":"https:\/\/www.latelieraucarre.com\/index.php\/wp-json\/wp\/v2\/types\/product"}],"replies":[{"embeddable":true,"href":"https:\/\/www.latelieraucarre.com\/index.php\/wp-json\/wp\/v2\/comments?post=71"}],"wp:featuredmedia":[{"embeddable":true,"href":"https:\/\/www.latelieraucarre.com\/index.php\/wp-json\/wp\/v2\/media\/94"}],"wp:attachment":[{"href":"https:\/\/www.latelieraucarre.com\/index.php\/wp-json\/wp\/v2\/media?parent=71"}],"wp:term":[{"taxonomy":"product_brand","embeddable":true,"href":"https:\/\/www.latelieraucarre.com\/index.php\/wp-json\/wp\/v2\/product_brand?post=71"},{"taxonomy":"product_cat","embeddable":true,"href":"https:\/\/www.latelieraucarre.com\/index.php\/wp-json\/wp\/v2\/product_cat?post=71"},{"taxonomy":"product_tag","embeddable":true,"href":"https:\/\/www.latelieraucarre.com\/index.php\/wp-json\/wp\/v2\/product_tag?post=71"}],"curies":[{"name":"wp","href":"https:\/\/api.w.org\/{rel}","templated":true}]}}