{"id":465,"date":"2025-11-30T16:44:27","date_gmt":"2025-11-30T14:44:27","guid":{"rendered":"https:\/\/www.latelieraucarre.com\/index.php\/produit\/grande-roue\/"},"modified":"2025-11-30T16:44:27","modified_gmt":"2025-11-30T14:44:27","slug":"grande-roue","status":"publish","type":"product","link":"https:\/\/www.latelieraucarre.com\/index.php\/produit\/grande-roue\/","title":{"rendered":"Grande roue"},"content":{"rendered":"<p>Grande roue en bois teint\u00e9e et peinte \u00e0 la mains.<\/p>\n<p>Mod\u00e8le non motoris\u00e9.<\/p>\n<p>Taille : env. 45 cm de haut<\/p>\n","protected":false},"excerpt":{"rendered":"<p>Grande roue en bois teint\u00e9e et peinte \u00e0 la mains. Mod\u00e8le non motoris\u00e9. Taille : env. 45 cm de haut<\/p>\n","protected":false},"featured_media":464,"comment_status":"open","ping_status":"closed","template":"","meta":[],"product_brand":[],"product_cat":[40],"product_tag":[],"class_list":{"0":"post-465","1":"product","2":"type-product","3":"status-publish","4":"has-post-thumbnail","6":"product_cat-noel","8":"first","9":"instock","10":"shipping-taxable","11":"purchasable","12":"product-type-simple"},"jetpack_sharing_enabled":true,"_links":{"self":[{"href":"https:\/\/www.latelieraucarre.com\/index.php\/wp-json\/wp\/v2\/product\/465","targetHints":{"allow":["GET"]}}],"collection":[{"href":"https:\/\/www.latelieraucarre.com\/index.php\/wp-json\/wp\/v2\/product"}],"about":[{"href":"https:\/\/www.latelieraucarre.com\/index.php\/wp-json\/wp\/v2\/types\/product"}],"replies":[{"embeddable":true,"href":"https:\/\/www.latelieraucarre.com\/index.php\/wp-json\/wp\/v2\/comments?post=465"}],"wp:featuredmedia":[{"embeddable":true,"href":"https:\/\/www.latelieraucarre.com\/index.php\/wp-json\/wp\/v2\/media\/464"}],"wp:attachment":[{"href":"https:\/\/www.latelieraucarre.com\/index.php\/wp-json\/wp\/v2\/media?parent=465"}],"wp:term":[{"taxonomy":"product_brand","embeddable":true,"href":"https:\/\/www.latelieraucarre.com\/index.php\/wp-json\/wp\/v2\/product_brand?post=465"},{"taxonomy":"product_cat","embeddable":true,"href":"https:\/\/www.latelieraucarre.com\/index.php\/wp-json\/wp\/v2\/product_cat?post=465"},{"taxonomy":"product_tag","embeddable":true,"href":"https:\/\/www.latelieraucarre.com\/index.php\/wp-json\/wp\/v2\/product_tag?post=465"}],"curies":[{"name":"wp","href":"https:\/\/api.w.org\/{rel}","templated":true}]}}