{"id":422,"date":"2025-11-21T19:52:17","date_gmt":"2025-11-21T17:52:17","guid":{"rendered":"https:\/\/www.latelieraucarre.com\/?post_type=product&#038;p=422"},"modified":"2025-11-30T15:30:35","modified_gmt":"2025-11-30T13:30:35","slug":"calendrier-de-lavent-hexagonal","status":"publish","type":"product","link":"https:\/\/www.latelieraucarre.com\/index.php\/produit\/calendrier-de-lavent-hexagonal\/","title":{"rendered":"Calendrier de l&#8217;Avent &#8211; Hexagonal"},"content":{"rendered":"<p data-start=\"479\" data-end=\"791\">Illuminez votre mois de d\u00e9cembre avec ce superbe <strong data-start=\"528\" data-end=\"571\">Calendrier de l\u2019Avent hexagonal en bois<\/strong>, enti\u00e8rement r\u00e9alis\u00e9 de fa\u00e7on artisanale.<br data-start=\"613\" data-end=\"616\" \/>Sa forme originale \u00e0 <strong data-start=\"637\" data-end=\"676\">6 faces finement d\u00e9coup\u00e9es au laser<\/strong> en fait une pi\u00e8ce d\u00e9corative unique, parfaite pour apporter une touche chaleureuse et festive \u00e0 votre int\u00e9rieur.<\/p>\n<p data-start=\"793\" data-end=\"1073\">Chaque jour, vous pourrez suivre le compte \u00e0 rebours jusqu\u2019\u00e0 No\u00ebl.<br data-start=\"970\" data-end=\"973\" \/>Un calendrier durable et r\u00e9utilisable, id\u00e9al pour remplacer les versions jetables traditionnelles.<\/p>\n<h3 data-start=\"1080\" data-end=\"1111\"><strong data-start=\"1087\" data-end=\"1109\">Caract\u00e9ristiques :<\/strong><\/h3>\n<ul data-start=\"1112\" data-end=\"1360\">\n<li data-start=\"1112\" data-end=\"1156\">\n<p data-start=\"1114\" data-end=\"1156\">Mat\u00e9riau : bois naturel d\u00e9coup\u00e9 au laser<\/p>\n<\/li>\n<li data-start=\"1157\" data-end=\"1211\">\n<p data-start=\"1159\" data-end=\"1211\">Dimensions : environ 30 x 30 cm<\/p>\n<\/li>\n<li data-start=\"1212\" data-end=\"1253\">\n<p data-start=\"1214\" data-end=\"1253\">Forme : hexagonale \u00e0 6 faces d\u00e9cor\u00e9es<\/p>\n<\/li>\n<li data-start=\"1254\" data-end=\"1287\">\n<p data-start=\"1256\" data-end=\"1287\">R\u00e9utilisable d\u2019ann\u00e9e en ann\u00e9e<\/p>\n<\/li>\n<li data-start=\"1288\" data-end=\"1307\">\n<p data-start=\"1290\" data-end=\"1307\">Usage int\u00e9rieur<\/p>\n<\/li>\n<li data-start=\"1308\" data-end=\"1360\">\n<p data-start=\"1310\" data-end=\"1360\">Fabrication artisanale<\/p>\n<\/li>\n<\/ul>\n","protected":false},"excerpt":{"rendered":"<p>Illuminez votre mois de d\u00e9cembre avec ce superbe Calendrier de l\u2019Avent hexagonal en bois, enti\u00e8rement r\u00e9alis\u00e9 de fa\u00e7on artisanale.Sa forme originale \u00e0 6 faces finement d\u00e9coup\u00e9es au laser en fait une pi\u00e8ce d\u00e9corative unique, parfaite pour apporter une touche chaleureuse et festive \u00e0 votre int\u00e9rieur. Chaque jour, vous pourrez suivre le compte \u00e0 rebours jusqu\u2019\u00e0 [&hellip;]<\/p>\n","protected":false},"featured_media":455,"comment_status":"open","ping_status":"closed","template":"","meta":[],"product_brand":[],"product_cat":[25,40],"product_tag":[],"class_list":{"0":"post-422","1":"product","2":"type-product","3":"status-publish","4":"has-post-thumbnail","6":"product_cat-cadeaux","7":"product_cat-noel","9":"first","10":"instock","11":"shipping-taxable","12":"purchasable","13":"product-type-variable"},"jetpack_sharing_enabled":true,"_links":{"self":[{"href":"https:\/\/www.latelieraucarre.com\/index.php\/wp-json\/wp\/v2\/product\/422","targetHints":{"allow":["GET"]}}],"collection":[{"href":"https:\/\/www.latelieraucarre.com\/index.php\/wp-json\/wp\/v2\/product"}],"about":[{"href":"https:\/\/www.latelieraucarre.com\/index.php\/wp-json\/wp\/v2\/types\/product"}],"replies":[{"embeddable":true,"href":"https:\/\/www.latelieraucarre.com\/index.php\/wp-json\/wp\/v2\/comments?post=422"}],"wp:featuredmedia":[{"embeddable":true,"href":"https:\/\/www.latelieraucarre.com\/index.php\/wp-json\/wp\/v2\/media\/455"}],"wp:attachment":[{"href":"https:\/\/www.latelieraucarre.com\/index.php\/wp-json\/wp\/v2\/media?parent=422"}],"wp:term":[{"taxonomy":"product_brand","embeddable":true,"href":"https:\/\/www.latelieraucarre.com\/index.php\/wp-json\/wp\/v2\/product_brand?post=422"},{"taxonomy":"product_cat","embeddable":true,"href":"https:\/\/www.latelieraucarre.com\/index.php\/wp-json\/wp\/v2\/product_cat?post=422"},{"taxonomy":"product_tag","embeddable":true,"href":"https:\/\/www.latelieraucarre.com\/index.php\/wp-json\/wp\/v2\/product_tag?post=422"}],"curies":[{"name":"wp","href":"https:\/\/api.w.org\/{rel}","templated":true}]}}