{"id":379,"date":"2025-11-11T12:37:44","date_gmt":"2025-11-11T10:37:44","guid":{"rendered":"https:\/\/www.latelieraucarre.com\/?post_type=product&#038;p=379"},"modified":"2025-11-21T20:15:11","modified_gmt":"2025-11-21T18:15:11","slug":"sapin-porte-boule-de-noel-personnalisable","status":"publish","type":"product","link":"https:\/\/www.latelieraucarre.com\/index.php\/produit\/sapin-porte-boule-de-noel-personnalisable\/","title":{"rendered":"Sapin porte boule de no\u00ebl &#8211; Personnalisable"},"content":{"rendered":"<p>Un petit sapin en bois plein de charme pour sublimer vos f\u00eates, avec une boule personnalis\u00e9e \u00e0 suspendre pour un souvenir magique.<\/p>\n<p>Ce sapin en bois de 20 cm devient encore plus sp\u00e9cial avec une boule personnalis\u00e9e au pr\u00e9nom de votre enfant \u2014 un souvenir \u00e0 garder pr\u00e9cieusement chaque No\u00ebl.<\/p>\n","protected":false},"excerpt":{"rendered":"<p>Un petit sapin en bois plein de charme pour sublimer vos f\u00eates, avec une boule personnalis\u00e9e \u00e0 suspendre pour un souvenir magique. Ce sapin en bois de 20 cm devient encore plus sp\u00e9cial avec une boule personnalis\u00e9e au pr\u00e9nom de votre enfant \u2014 un souvenir \u00e0 garder pr\u00e9cieusement chaque No\u00ebl.<\/p>\n","protected":false},"featured_media":398,"comment_status":"open","ping_status":"closed","template":"","meta":[],"product_brand":[],"product_cat":[25,40],"product_tag":[21,39,44],"class_list":{"0":"post-379","1":"product","2":"type-product","3":"status-publish","4":"has-post-thumbnail","6":"product_cat-cadeaux","7":"product_cat-noel","8":"product_tag-bois","9":"product_tag-decoration","10":"product_tag-noel","11":"product_shipping_class-boite-35x25x5","13":"first","14":"instock","15":"shipping-taxable","16":"purchasable","17":"product-type-variable"},"jetpack_sharing_enabled":true,"_links":{"self":[{"href":"https:\/\/www.latelieraucarre.com\/index.php\/wp-json\/wp\/v2\/product\/379","targetHints":{"allow":["GET"]}}],"collection":[{"href":"https:\/\/www.latelieraucarre.com\/index.php\/wp-json\/wp\/v2\/product"}],"about":[{"href":"https:\/\/www.latelieraucarre.com\/index.php\/wp-json\/wp\/v2\/types\/product"}],"replies":[{"embeddable":true,"href":"https:\/\/www.latelieraucarre.com\/index.php\/wp-json\/wp\/v2\/comments?post=379"}],"wp:featuredmedia":[{"embeddable":true,"href":"https:\/\/www.latelieraucarre.com\/index.php\/wp-json\/wp\/v2\/media\/398"}],"wp:attachment":[{"href":"https:\/\/www.latelieraucarre.com\/index.php\/wp-json\/wp\/v2\/media?parent=379"}],"wp:term":[{"taxonomy":"product_brand","embeddable":true,"href":"https:\/\/www.latelieraucarre.com\/index.php\/wp-json\/wp\/v2\/product_brand?post=379"},{"taxonomy":"product_cat","embeddable":true,"href":"https:\/\/www.latelieraucarre.com\/index.php\/wp-json\/wp\/v2\/product_cat?post=379"},{"taxonomy":"product_tag","embeddable":true,"href":"https:\/\/www.latelieraucarre.com\/index.php\/wp-json\/wp\/v2\/product_tag?post=379"}],"curies":[{"name":"wp","href":"https:\/\/api.w.org\/{rel}","templated":true}]}}