{"id":368,"date":"2025-10-16T11:40:55","date_gmt":"2025-10-16T09:40:55","guid":{"rendered":"https:\/\/www.latelieraucarre.com\/?post_type=product&#038;p=368"},"modified":"2025-10-16T13:21:42","modified_gmt":"2025-10-16T11:21:42","slug":"loup-3d-decoratif-en-bois-teinte","status":"publish","type":"product","link":"https:\/\/www.latelieraucarre.com\/index.php\/produit\/loup-3d-decoratif-en-bois-teinte\/","title":{"rendered":"Loup 3D d\u00e9coratif en bois teint\u00e9"},"content":{"rendered":"<p>Apportez une touche de caract\u00e8re et de nature \u00e0 votre int\u00e9rieur avec ce magnifique <strong data-start=\"244\" data-end=\"273\">loup d\u00e9coratif en bois 3D<\/strong>.<br data-start=\"274\" data-end=\"277\" \/>R\u00e9alis\u00e9 \u00e0 partir de <strong data-start=\"297\" data-end=\"335\">7 couches de bois d\u00e9coup\u00e9 au laser<\/strong>, chaque teinte et chaque d\u00e9tail cr\u00e9ent un <strong data-start=\"378\" data-end=\"408\">effet de profondeur unique<\/strong> et une <strong data-start=\"416\" data-end=\"437\">finition raffin\u00e9e<\/strong>.<br data-start=\"438\" data-end=\"441\" \/>Cette pi\u00e8ce originale apportera une pr\u00e9sence \u00e9l\u00e9gante et sauvage \u00e0 votre d\u00e9coration, parfaite pour les amoureux de la nature, des loups ou des cr\u00e9ations artisanales.<\/p>\n<p><strong data-start=\"904\" data-end=\"925\">Un cadeau parfait<\/strong> pour une pendaison de cr\u00e9maill\u00e8re, un anniversaire, ou pour toute personne passionn\u00e9e par la faune, la nature et la d\u00e9coration artisanale.<\/p>\n<p>*Mat\u00e9riau : bois naturel teint\u00e9<br \/>\n*Dimension : 20 x 27 x 2 cm<br \/>\n*\u00c9paisseur : superposition de 7 couches de 3 mm<br \/>\n*Fabrication artisanale, chaque pi\u00e8ce est unique<br \/>\n*Finition soign\u00e9e, pr\u00eate \u00e0 \u00eatre accroch\u00e9e ou pos\u00e9e (fixation non fournie)<\/p>\n<p>N&#8217;h\u00e9sitez pas \u00e0 nous contactez, nous r\u00e9pondrons \u00e0 toutes vos questions y compris des personnalisations suppl\u00e9mentaires.<br \/>\nVous avez un projet particulier ? N&#8217;h\u00e9sitez pas \u00e0 nous contacter pour en discuter.<\/p>\n<p>Tous nos articles sont r\u00e9alis\u00e9s sur commande et le d\u00e9lais d\u00e9pends du nombre de commandes en cours.<br \/>\nToutes nos cr\u00e9ations sont faites dans notre atelier en France.<br \/>\nL\u2019envoi est s\u00e9curis\u00e9 avec num\u00e9ro de suivi.<\/p>\n<p>**Le bois \u00e9tant un mat\u00e9riau naturel, les objets peuvent ne pas \u00eatre parfait et comporter des diff\u00e9rences de couleurs, des fibres plus visible, des n\u0153uds etc.. Merci d&#8217;en tenir compte.**<\/p>\n<p>Contact : latelieraucarre.shop@gmail.com<br \/>\nPour suivre nos nouveaut\u00e9s, suivez nous sur Instagram @latelier_au_carre<\/p>\n","protected":false},"excerpt":{"rendered":"<p>Loup 3D d\u00e9coratif en bois teint\u00e9 \u2013 Sculpture murale en bois \u2013 Art mural nature<\/p>\n","protected":false},"featured_media":369,"comment_status":"open","ping_status":"closed","template":"","meta":[],"product_brand":[],"product_cat":[25,37],"product_tag":[21,39,45],"class_list":{"0":"post-368","1":"product","2":"type-product","3":"status-publish","4":"has-post-thumbnail","6":"product_cat-cadeaux","7":"product_cat-decoration-murale","8":"product_tag-bois","9":"product_tag-decoration","10":"product_tag-loup","11":"product_shipping_class-boite-35x25x5","13":"first","14":"instock","15":"shipping-taxable","16":"purchasable","17":"product-type-simple"},"jetpack_sharing_enabled":true,"_links":{"self":[{"href":"https:\/\/www.latelieraucarre.com\/index.php\/wp-json\/wp\/v2\/product\/368","targetHints":{"allow":["GET"]}}],"collection":[{"href":"https:\/\/www.latelieraucarre.com\/index.php\/wp-json\/wp\/v2\/product"}],"about":[{"href":"https:\/\/www.latelieraucarre.com\/index.php\/wp-json\/wp\/v2\/types\/product"}],"replies":[{"embeddable":true,"href":"https:\/\/www.latelieraucarre.com\/index.php\/wp-json\/wp\/v2\/comments?post=368"}],"wp:featuredmedia":[{"embeddable":true,"href":"https:\/\/www.latelieraucarre.com\/index.php\/wp-json\/wp\/v2\/media\/369"}],"wp:attachment":[{"href":"https:\/\/www.latelieraucarre.com\/index.php\/wp-json\/wp\/v2\/media?parent=368"}],"wp:term":[{"taxonomy":"product_brand","embeddable":true,"href":"https:\/\/www.latelieraucarre.com\/index.php\/wp-json\/wp\/v2\/product_brand?post=368"},{"taxonomy":"product_cat","embeddable":true,"href":"https:\/\/www.latelieraucarre.com\/index.php\/wp-json\/wp\/v2\/product_cat?post=368"},{"taxonomy":"product_tag","embeddable":true,"href":"https:\/\/www.latelieraucarre.com\/index.php\/wp-json\/wp\/v2\/product_tag?post=368"}],"curies":[{"name":"wp","href":"https:\/\/api.w.org\/{rel}","templated":true}]}}