{"id":358,"date":"2025-10-18T10:29:13","date_gmt":"2025-10-18T08:29:13","guid":{"rendered":"https:\/\/www.latelieraucarre.com\/?post_type=product&#038;p=358"},"modified":"2025-10-18T10:29:13","modified_gmt":"2025-10-18T08:29:13","slug":"lanterne-noel-hexagonale","status":"publish","type":"product","link":"https:\/\/www.latelieraucarre.com\/index.php\/produit\/lanterne-noel-hexagonale\/","title":{"rendered":"Lanterne No\u00ebl hexagonale"},"content":{"rendered":"<p data-start=\"121\" data-end=\"388\">Apportez la magie de No\u00ebl dans votre int\u00e9rieur<strong data-start=\"1125\" data-end=\"1143\">\u00a0<\/strong>avec cette magnifique <strong data-start=\"173\" data-end=\"209\">lanterne hexagonale de No\u00ebl en bois<\/strong> \u2728\u00a0qui m\u00eale <strong data-start=\"1102\" data-end=\"1121\">chaleur du bois<\/strong> et <strong data-start=\"1125\" data-end=\"1143\">esprit de f\u00eate<\/strong><br data-start=\"211\" data-end=\"214\" \/>D\u00e9coup\u00e9e au laser et finement ajour\u00e9e, elle diffuse une <strong data-start=\"270\" data-end=\"302\">lumi\u00e8re douce et chaleureuse<\/strong>, parfaite pour cr\u00e9er une <strong data-start=\"328\" data-end=\"349\">ambiance f\u00e9erique<\/strong> dans votre maison pendant les f\u00eates.<\/p>\n<p data-start=\"390\" data-end=\"624\">Ses motifs sur <strong>le th\u00e8me de No\u00ebl<\/strong> apportent une touche magique \u00e0 votre d\u00e9coration.<br data-start=\"491\" data-end=\"494\" \/>Id\u00e9ale pour embellir une <strong data-start=\"519\" data-end=\"574\">table de f\u00eate, une chemin\u00e9e ou un rebord de fen\u00eatre<\/strong>, elle attire tous les regards une fois allum\u00e9e.<\/p>\n<p data-start=\"626\" data-end=\"759\">\ud83d\udca1 <strong data-start=\"629\" data-end=\"699\">La lampe est fournie avec une bougie LED de couleur blanc chaud<\/strong>, facile \u00e0 installer et s\u00e9curis\u00e9e pour un usage int\u00e9rieur.<\/p>\n<ul>\n<li data-start=\"995\" data-end=\"1039\">\n<p data-start=\"997\" data-end=\"1039\">Mat\u00e9riau : bois naturel d\u00e9coup\u00e9 au laser<\/p>\n<\/li>\n<li data-start=\"995\" data-end=\"1039\">\n<p data-start=\"997\" data-end=\"1039\">Dimensions : environ 14 cm de haut<\/p>\n<\/li>\n<li data-start=\"1092\" data-end=\"1133\">\n<p data-start=\"1094\" data-end=\"1133\">Forme : hexagonale \u00e0 6 faces d\u00e9cor\u00e9es<\/p>\n<\/li>\n<li data-start=\"1134\" data-end=\"1176\">\n<p data-start=\"1136\" data-end=\"1176\">Usage int\u00e9rieur uniquement<\/p>\n<\/li>\n<li data-start=\"1177\" data-end=\"1232\">\n<p data-start=\"1179\" data-end=\"1232\">Fabrication artisanale<\/p>\n<\/li>\n<\/ul>\n","protected":false},"excerpt":{"rendered":"<p><strong data-start=\"173\" data-end=\"209\">Lanterne hexagonale de No\u00ebl en bois<\/strong><\/p>\n","protected":false},"featured_media":360,"comment_status":"open","ping_status":"closed","template":"","meta":[],"product_brand":[],"product_cat":[25,40],"product_tag":[21,39,44],"class_list":{"0":"post-358","1":"product","2":"type-product","3":"status-publish","4":"has-post-thumbnail","6":"product_cat-cadeaux","7":"product_cat-noel","8":"product_tag-bois","9":"product_tag-decoration","10":"product_tag-noel","12":"first","13":"instock","14":"featured","15":"shipping-taxable","16":"purchasable","17":"product-type-variable"},"jetpack_sharing_enabled":true,"_links":{"self":[{"href":"https:\/\/www.latelieraucarre.com\/index.php\/wp-json\/wp\/v2\/product\/358","targetHints":{"allow":["GET"]}}],"collection":[{"href":"https:\/\/www.latelieraucarre.com\/index.php\/wp-json\/wp\/v2\/product"}],"about":[{"href":"https:\/\/www.latelieraucarre.com\/index.php\/wp-json\/wp\/v2\/types\/product"}],"replies":[{"embeddable":true,"href":"https:\/\/www.latelieraucarre.com\/index.php\/wp-json\/wp\/v2\/comments?post=358"}],"wp:featuredmedia":[{"embeddable":true,"href":"https:\/\/www.latelieraucarre.com\/index.php\/wp-json\/wp\/v2\/media\/360"}],"wp:attachment":[{"href":"https:\/\/www.latelieraucarre.com\/index.php\/wp-json\/wp\/v2\/media?parent=358"}],"wp:term":[{"taxonomy":"product_brand","embeddable":true,"href":"https:\/\/www.latelieraucarre.com\/index.php\/wp-json\/wp\/v2\/product_brand?post=358"},{"taxonomy":"product_cat","embeddable":true,"href":"https:\/\/www.latelieraucarre.com\/index.php\/wp-json\/wp\/v2\/product_cat?post=358"},{"taxonomy":"product_tag","embeddable":true,"href":"https:\/\/www.latelieraucarre.com\/index.php\/wp-json\/wp\/v2\/product_tag?post=358"}],"curies":[{"name":"wp","href":"https:\/\/api.w.org\/{rel}","templated":true}]}}