{"id":344,"date":"2025-10-09T16:59:36","date_gmt":"2025-10-09T14:59:36","guid":{"rendered":"https:\/\/www.latelieraucarre.com\/?post_type=product&#038;p=344"},"modified":"2025-10-09T18:15:14","modified_gmt":"2025-10-09T16:15:14","slug":"lanterne-dhalloween-hexagonale","status":"publish","type":"product","link":"https:\/\/www.latelieraucarre.com\/index.php\/produit\/lanterne-dhalloween-hexagonale\/","title":{"rendered":"Lanterne d&#8217;Halloween hexagonale"},"content":{"rendered":"<p>Illuminez vos soir\u00e9es d\u2019automne avec cette superbe <strong data-start=\"473\" data-end=\"516\">lanterne d\u2019Halloween hexagonale en bois<\/strong> \ud83c\udf83.<br data-start=\"520\" data-end=\"523\" \/>D\u00e9coup\u00e9e au laser et finement ajour\u00e9e, elle diffuse une <strong data-start=\"579\" data-end=\"611\">lumi\u00e8re douce et myst\u00e9rieuse<\/strong>, parfaite pour cr\u00e9er une ambiance magique \u00e0 la maison.<\/p>\n<p>Parfaite pour d\u00e9corer une table, une chemin\u00e9e ou un rebord de fen\u00eatre.<\/p>\n<p>==&gt; La lanterne est fournie avec une mini guirlande led de couleur orange.<\/p>\n<ul>\n<li data-start=\"995\" data-end=\"1039\">\n<p data-start=\"997\" data-end=\"1039\">Mat\u00e9riau : bois naturel d\u00e9coup\u00e9 au laser<\/p>\n<\/li>\n<li data-start=\"995\" data-end=\"1039\">\n<p data-start=\"997\" data-end=\"1039\">Dimensions : environ 14 cm de haut<\/p>\n<\/li>\n<li data-start=\"1092\" data-end=\"1133\">\n<p data-start=\"1094\" data-end=\"1133\">Forme : hexagonale \u00e0 6 faces d\u00e9cor\u00e9es<\/p>\n<\/li>\n<li data-start=\"1134\" data-end=\"1176\">\n<p data-start=\"1136\" data-end=\"1176\">Usage int\u00e9rieur uniquement<\/p>\n<\/li>\n<li data-start=\"1177\" data-end=\"1232\">\n<p data-start=\"1179\" data-end=\"1232\">Fabrication artisanale<\/p>\n<\/li>\n<\/ul>\n","protected":false},"excerpt":{"rendered":"<p>Lanterne Halloween hexagonale en bois \u2013 d\u00e9co lumineuse citrouille chauve-souris \u2013 photophore artisanal pour ambiance d\u2019automne<\/p>\n","protected":false},"featured_media":350,"comment_status":"open","ping_status":"closed","template":"","meta":[],"product_brand":[],"product_cat":[43],"product_tag":[41,42],"class_list":{"0":"post-344","1":"product","2":"type-product","3":"status-publish","4":"has-post-thumbnail","6":"product_cat-halloween","7":"product_tag-halloween","8":"product_tag-lanterne","9":"product_shipping_class-boite-35x25x5","11":"first","12":"instock","13":"featured","14":"shipping-taxable","15":"purchasable","16":"product-type-simple"},"jetpack_sharing_enabled":true,"_links":{"self":[{"href":"https:\/\/www.latelieraucarre.com\/index.php\/wp-json\/wp\/v2\/product\/344","targetHints":{"allow":["GET"]}}],"collection":[{"href":"https:\/\/www.latelieraucarre.com\/index.php\/wp-json\/wp\/v2\/product"}],"about":[{"href":"https:\/\/www.latelieraucarre.com\/index.php\/wp-json\/wp\/v2\/types\/product"}],"replies":[{"embeddable":true,"href":"https:\/\/www.latelieraucarre.com\/index.php\/wp-json\/wp\/v2\/comments?post=344"}],"wp:featuredmedia":[{"embeddable":true,"href":"https:\/\/www.latelieraucarre.com\/index.php\/wp-json\/wp\/v2\/media\/350"}],"wp:attachment":[{"href":"https:\/\/www.latelieraucarre.com\/index.php\/wp-json\/wp\/v2\/media?parent=344"}],"wp:term":[{"taxonomy":"product_brand","embeddable":true,"href":"https:\/\/www.latelieraucarre.com\/index.php\/wp-json\/wp\/v2\/product_brand?post=344"},{"taxonomy":"product_cat","embeddable":true,"href":"https:\/\/www.latelieraucarre.com\/index.php\/wp-json\/wp\/v2\/product_cat?post=344"},{"taxonomy":"product_tag","embeddable":true,"href":"https:\/\/www.latelieraucarre.com\/index.php\/wp-json\/wp\/v2\/product_tag?post=344"}],"curies":[{"name":"wp","href":"https:\/\/api.w.org\/{rel}","templated":true}]}}