{"id":314,"date":"2025-09-24T21:30:48","date_gmt":"2025-09-24T19:30:48","guid":{"rendered":"https:\/\/www.latelieraucarre.com\/?post_type=product&#038;p=314"},"modified":"2025-09-24T21:31:59","modified_gmt":"2025-09-24T19:31:59","slug":"pancarte-bois-avec-qr-code-personnalise","status":"publish","type":"product","link":"https:\/\/www.latelieraucarre.com\/index.php\/produit\/pancarte-bois-avec-qr-code-personnalise\/","title":{"rendered":"Pancarte bois avec QR Code personnalis\u00e9"},"content":{"rendered":"<p>Cette pancarte en bois personnalis\u00e9e avec QR code vous permettra de mettre en avant votre soci\u00e9t\u00e9 sur vos \u00e9v\u00e8nements type salon, march\u00e9 etc. et peut vous permettre \u00e9galement gr\u00e2ce au QR code int\u00e9gr\u00e9 de renvoyer vos clients vers votre site web, votre documentation ou encore vos menus et liens de paiement si vous \u00eates dans la restauration.<br \/>\nEnti\u00e8rement personnalisable, envoyez nous votre logo, une phrase d&#8217;accroche ou votre devise ainsi que le QR code et nous faisons le reste.<\/p>\n<p>R\u00e9alis\u00e9 en bois de bouleau ou de tilleul d&#8217;une \u00e9paisseur de 3 mm.<br \/>\n*Dimension de la pancarte : 10 x 15 cm<br \/>\n*Dimension du support : 15 x 3.5 cm<\/p>\n<p>*Afin d&#8217;avoir un rendu correct, le logo et le QR code doit \u00eatre fourni de pr\u00e9f\u00e9rence au format vectoriel (.eps \/ .ai \/ .pdf \/ .svg etc), ou dans une r\u00e9solution HD.<\/p>\n<p>*Si vous ne savez pas comment cr\u00e9er un QR code et que l&#8217;article vous int\u00e9resse, veuillez nous contacter.<\/p>\n<p>*L&#8217;option *teinte du support* est r\u00e9alis\u00e9e avec une teinture bois de qualit\u00e9 (sur demande la teinte de la pancarte peut \u00e9galement \u00eatre faite mais j&#8217;attire votre attention sur une r\u00e9duction notable de la lisibilit\u00e9 des inscriptions avec une teinte fonc\u00e9e)<\/p>\n<p>N&#8217;h\u00e9sitez pas \u00e0 nous contactez, nous r\u00e9pondrons \u00e0 toutes vos questions y compris des personnalisations suppl\u00e9mentaires.<br \/>\nVous avez un projet particulier ? N&#8217;h\u00e9sitez pas \u00e0 nous contacter pour en discuter.<\/p>\n<p>Tous nos articles sont r\u00e9alis\u00e9s sur commande et le d\u00e9lais d\u00e9pends du nombre de commandes en cours.<br \/>\nToutes nos cr\u00e9ations sont faites dans notre atelier en France.<br \/>\nL\u2019envoi est s\u00e9curis\u00e9 avec num\u00e9ro de suivi.<\/p>\n<p>**Le bois \u00e9tant un mat\u00e9riau naturel, les objets peuvent ne pas \u00eatre parfait et comporter des diff\u00e9rences de couleurs, des fibres plus visible, des n\u0153uds etc.. Merci d&#8217;en tenir compte.**<\/p>\n<p>Contact : latelieraucarre.shop@gmail.com<br \/>\nPour suivre nos nouveaut\u00e9s, suivez-nous sur Instagram @latelier_au_carre<\/p>\n","protected":false},"excerpt":{"rendered":"<p>Pancarte bois avec QR Code personnalis\u00e9 &#8211; Panneau bois de pr\u00e9sentation &#8211; Pancarte menu<\/p>\n","protected":false},"featured_media":322,"comment_status":"open","ping_status":"closed","template":"","meta":[],"product_brand":[],"product_cat":[32,33],"product_tag":[21,36,35,34],"class_list":{"0":"post-314","1":"product","2":"type-product","3":"status-publish","4":"has-post-thumbnail","6":"product_cat-commerce","7":"product_cat-marketing","8":"product_tag-bois","9":"product_tag-marketing","10":"product_tag-pancarte","11":"product_tag-qr-code","12":"product_shipping_class-enveloppe-bulle-20x15","14":"first","15":"instock","16":"shipping-taxable","17":"purchasable","18":"product-type-variable"},"jetpack_sharing_enabled":true,"_links":{"self":[{"href":"https:\/\/www.latelieraucarre.com\/index.php\/wp-json\/wp\/v2\/product\/314","targetHints":{"allow":["GET"]}}],"collection":[{"href":"https:\/\/www.latelieraucarre.com\/index.php\/wp-json\/wp\/v2\/product"}],"about":[{"href":"https:\/\/www.latelieraucarre.com\/index.php\/wp-json\/wp\/v2\/types\/product"}],"replies":[{"embeddable":true,"href":"https:\/\/www.latelieraucarre.com\/index.php\/wp-json\/wp\/v2\/comments?post=314"}],"wp:featuredmedia":[{"embeddable":true,"href":"https:\/\/www.latelieraucarre.com\/index.php\/wp-json\/wp\/v2\/media\/322"}],"wp:attachment":[{"href":"https:\/\/www.latelieraucarre.com\/index.php\/wp-json\/wp\/v2\/media?parent=314"}],"wp:term":[{"taxonomy":"product_brand","embeddable":true,"href":"https:\/\/www.latelieraucarre.com\/index.php\/wp-json\/wp\/v2\/product_brand?post=314"},{"taxonomy":"product_cat","embeddable":true,"href":"https:\/\/www.latelieraucarre.com\/index.php\/wp-json\/wp\/v2\/product_cat?post=314"},{"taxonomy":"product_tag","embeddable":true,"href":"https:\/\/www.latelieraucarre.com\/index.php\/wp-json\/wp\/v2\/product_tag?post=314"}],"curies":[{"name":"wp","href":"https:\/\/api.w.org\/{rel}","templated":true}]}}