{"id":295,"date":"2025-09-24T21:09:15","date_gmt":"2025-09-24T19:09:15","guid":{"rendered":"https:\/\/www.latelieraucarre.com\/?post_type=product&#038;p=295"},"modified":"2025-09-24T21:54:55","modified_gmt":"2025-09-24T19:54:55","slug":"marque-page-en-bois-personnalisee-avec-pompon-colore","status":"publish","type":"product","link":"https:\/\/www.latelieraucarre.com\/index.php\/produit\/marque-page-en-bois-personnalisee-avec-pompon-colore\/","title":{"rendered":"Marque-page en bois personnalis\u00e9e"},"content":{"rendered":"<p>Offrez un accessoire \u00e9l\u00e9gant et unique pour accompagner les lectures de vos proches ou de vous-m\u00eame !<br \/>\nCe marque-page en bois naturel allie sobri\u00e9t\u00e9 et raffinement, avec une touche de couleur gr\u00e2ce \u00e0 son pompon d\u00e9coratif.<br \/>\nCe marque-page personnalis\u00e9 est une id\u00e9e originale pour les amoureux des livres. Il sera le cadeau id\u00e9al pour les anniversaires, F\u00eate des m\u00e8res\/p\u00e8res, No\u00ebl ou simplement pour un remerciements ou une petite attention.<br \/>\nAjoutez une note personnelle \u00e0 vos lectures ou surprenez vos proches avec un objet \u00e0 la fois utile, esth\u00e9tique et plein de sens.<\/p>\n<p>R\u00e9alis\u00e9 en bois de bouleau ou de tilleul d&#8217;une \u00e9paisseur de 2 mm.<br \/>\n* Le marque-page \u00e0 une dimension de 12 x 3 cm (Hauteur l\u00e9g\u00e8rement r\u00e9duite pour les versions d\u00e9coup\u00e9e).<\/p>\n<p>N&#8217;h\u00e9sitez pas \u00e0 nous contactez, nous r\u00e9pondrons \u00e0 toutes vos questions y compris des personnalisations suppl\u00e9mentaires.<br \/>\nVous avez un projet particulier ? N&#8217;h\u00e9sitez pas \u00e0 nous contacter pour en discuter.<\/p>\n<p>Tous nos articles sont r\u00e9alis\u00e9s sur commande et le d\u00e9lais d\u00e9pends du nombre de commandes en cours.<br \/>\nToutes nos cr\u00e9ations sont faites dans notre atelier en France.<br \/>\nL\u2019envoi est s\u00e9curis\u00e9 avec num\u00e9ro de suivi.<\/p>\n<p>**Le bois \u00e9tant un mat\u00e9riau naturel, les objets peuvent ne pas \u00eatre parfait et comporter des diff\u00e9rences de couleurs, des fibres plus visible, des n\u0153uds etc.. Merci d&#8217;en tenir compte.**<\/p>\n<p>Pour suivre nos nouveaut\u00e9s, suivez-nous sur Instagram @latelier_au_carre<\/p>\n","protected":false},"excerpt":{"rendered":"<p>Marque-page en bois personnalis\u00e9e avec pompon color\u00e9 &#8211; Marque-page grav\u00e9 &#8211; Marque-page bois cadeau &#8211; Cadeau original en bois<\/p>\n","protected":false},"featured_media":303,"comment_status":"open","ping_status":"closed","template":"","meta":[],"product_brand":[],"product_cat":[25],"product_tag":[],"class_list":{"0":"post-295","1":"product","2":"type-product","3":"status-publish","4":"has-post-thumbnail","6":"product_cat-cadeaux","7":"product_shipping_class-enveloppe-bulle-20x15","9":"first","10":"instock","11":"shipping-taxable","12":"purchasable","13":"product-type-variable"},"jetpack_sharing_enabled":true,"_links":{"self":[{"href":"https:\/\/www.latelieraucarre.com\/index.php\/wp-json\/wp\/v2\/product\/295","targetHints":{"allow":["GET"]}}],"collection":[{"href":"https:\/\/www.latelieraucarre.com\/index.php\/wp-json\/wp\/v2\/product"}],"about":[{"href":"https:\/\/www.latelieraucarre.com\/index.php\/wp-json\/wp\/v2\/types\/product"}],"replies":[{"embeddable":true,"href":"https:\/\/www.latelieraucarre.com\/index.php\/wp-json\/wp\/v2\/comments?post=295"}],"wp:featuredmedia":[{"embeddable":true,"href":"https:\/\/www.latelieraucarre.com\/index.php\/wp-json\/wp\/v2\/media\/303"}],"wp:attachment":[{"href":"https:\/\/www.latelieraucarre.com\/index.php\/wp-json\/wp\/v2\/media?parent=295"}],"wp:term":[{"taxonomy":"product_brand","embeddable":true,"href":"https:\/\/www.latelieraucarre.com\/index.php\/wp-json\/wp\/v2\/product_brand?post=295"},{"taxonomy":"product_cat","embeddable":true,"href":"https:\/\/www.latelieraucarre.com\/index.php\/wp-json\/wp\/v2\/product_cat?post=295"},{"taxonomy":"product_tag","embeddable":true,"href":"https:\/\/www.latelieraucarre.com\/index.php\/wp-json\/wp\/v2\/product_tag?post=295"}],"curies":[{"name":"wp","href":"https:\/\/api.w.org\/{rel}","templated":true}]}}