{"id":234,"date":"2025-09-24T19:31:04","date_gmt":"2025-09-24T17:31:04","guid":{"rendered":"https:\/\/www.latelieraucarre.com\/?post_type=product&#038;p=234"},"modified":"2025-09-24T21:56:16","modified_gmt":"2025-09-24T19:56:16","slug":"ardoise-en-bois-personnalisable-enfant","status":"publish","type":"product","link":"https:\/\/www.latelieraucarre.com\/index.php\/produit\/ardoise-en-bois-personnalisable-enfant\/","title":{"rendered":"Ardoise en bois personnalisable enfant"},"content":{"rendered":"<p>Immortalisez les grands moments de la vie de vos enfants avec cette jolie ardoise personnalis\u00e9e en bois aimant\u00e9e et r\u00e9utilisable.<br \/>\nId\u00e9ale pour la rentr\u00e9e scolaire, les photos souvenirs ou simplement pour r\u00eaver \u00e0 l\u2019avenir, elle accompagne petits et grands dans leurs \u00e9tapes importantes.<\/p>\n<p>R\u00e9alis\u00e9 en bois naturel de bouleau ou de tilleul, solide et durable.<\/p>\n<p>* Format pratique pour les photos souvenirs<br \/>\n* L&#8217;ardoise dispose de plusieurs aimants permettant de placer les diff\u00e9rents magnets. Dont quatre \u00e0 chaque coin pour les d\u00e9corations.<br \/>\n* R\u00e9utilisable d\u2019ann\u00e9e en ann\u00e9e<br \/>\n* Fabrication artisanale, chaque pi\u00e8ce est unique<br \/>\n* L&#8217;ardoise fait 24x 35 cm (+quelques centim\u00e8tre pour le pr\u00e9nom).<br \/>\n* Fournie avec le kit de magnets de base :<br \/>\n&#8211; Mon premier jour en<br \/>\n&#8211; Mon dernier jour en<br \/>\n&#8211; Quand je serais grand(e) je serais<br \/>\n&#8211; Ce que j&#8217;aime le plus au monde<br \/>\n&#8211; Un crayon ardoise<br \/>\n+ une d\u00e9coration au choix (Dinosaure, licorne etc&#8230;)<\/p>\n<p>N&#8217;h\u00e9sitez pas \u00e0 nous contactez, nous r\u00e9pondrons \u00e0 toutes vos questions y compris des personnalisations suppl\u00e9mentaires.<br \/>\nVous avez un projet particulier ? N&#8217;h\u00e9sitez pas \u00e0 nous contacter pour en discuter.<\/p>\n<p>Tous nos articles sont r\u00e9alis\u00e9s sur commande et le d\u00e9lais d\u00e9pends du nombre de commandes en cours.<br \/>\nToutes nos cr\u00e9ations sont faites dans notre atelier en France.<br \/>\nL\u2019envoi est s\u00e9curis\u00e9 avec num\u00e9ro de suivi.<\/p>\n<p>**Le bois \u00e9tant un mat\u00e9riau naturel, les objets peuvent ne pas \u00eatre parfait et comporter des diff\u00e9rences de couleurs, des fibres plus visible, des n\u0153uds etc.. Merci d&#8217;en tenir compte.**<\/p>\n<p>Pour suivre nos nouveaut\u00e9s, suivez nous sur Instagram @latelier_au_carre<\/p>\n","protected":false},"excerpt":{"rendered":"<p>Ardoise en bois personnalisable rentr\u00e9e scolaire \u2013 tableau magn\u00e9tique enfant \u201cMon premier jour d\u2019\u00e9cole\u201d &#8211; souvenir photo original<\/p>\n","protected":false},"featured_media":267,"comment_status":"open","ping_status":"closed","template":"","meta":[],"product_brand":[],"product_cat":[18],"product_tag":[],"class_list":{"0":"post-234","1":"product","2":"type-product","3":"status-publish","4":"has-post-thumbnail","6":"product_cat-enfant","8":"first","9":"instock","10":"shipping-taxable","11":"purchasable","12":"product-type-variable"},"jetpack_sharing_enabled":true,"_links":{"self":[{"href":"https:\/\/www.latelieraucarre.com\/index.php\/wp-json\/wp\/v2\/product\/234","targetHints":{"allow":["GET"]}}],"collection":[{"href":"https:\/\/www.latelieraucarre.com\/index.php\/wp-json\/wp\/v2\/product"}],"about":[{"href":"https:\/\/www.latelieraucarre.com\/index.php\/wp-json\/wp\/v2\/types\/product"}],"replies":[{"embeddable":true,"href":"https:\/\/www.latelieraucarre.com\/index.php\/wp-json\/wp\/v2\/comments?post=234"}],"wp:featuredmedia":[{"embeddable":true,"href":"https:\/\/www.latelieraucarre.com\/index.php\/wp-json\/wp\/v2\/media\/267"}],"wp:attachment":[{"href":"https:\/\/www.latelieraucarre.com\/index.php\/wp-json\/wp\/v2\/media?parent=234"}],"wp:term":[{"taxonomy":"product_brand","embeddable":true,"href":"https:\/\/www.latelieraucarre.com\/index.php\/wp-json\/wp\/v2\/product_brand?post=234"},{"taxonomy":"product_cat","embeddable":true,"href":"https:\/\/www.latelieraucarre.com\/index.php\/wp-json\/wp\/v2\/product_cat?post=234"},{"taxonomy":"product_tag","embeddable":true,"href":"https:\/\/www.latelieraucarre.com\/index.php\/wp-json\/wp\/v2\/product_tag?post=234"}],"curies":[{"name":"wp","href":"https:\/\/api.w.org\/{rel}","templated":true}]}}