{"id":136,"date":"2025-09-23T21:23:33","date_gmt":"2025-09-23T19:23:33","guid":{"rendered":"https:\/\/www.latelieraucarre.com\/?post_type=product&#038;p=136"},"modified":"2025-09-24T21:56:29","modified_gmt":"2025-09-24T19:56:29","slug":"calendrier-anniversaires-mural-personnalisable","status":"publish","type":"product","link":"https:\/\/www.latelieraucarre.com\/index.php\/produit\/calendrier-anniversaires-mural-personnalisable\/","title":{"rendered":"Calendrier anniversaires mural personnalisable"},"content":{"rendered":"<p>Calendrier mural en bois personnalisable de qualit\u00e9 avec effet 3D. S&#8217;int\u00e8grera de mani\u00e8re \u00e9l\u00e9gante dans votre d\u00e9coration int\u00e9rieure pour ne plus oublier l&#8217;anniversaire de vos proches.<br \/>\nCe calendrier fera un cadeau id\u00e9al et unique pour No\u00ebl, anniversaire ou la f\u00eate des m\u00e8res et des p\u00e8res.<\/p>\n<p>R\u00e9alis\u00e9 en bois de bouleau ou de tilleul d&#8217;une \u00e9paisseur de 3 mm avec mot &#8220;Anniversaires&#8221; en 3D teint\u00e9 couleur Noyer.<br \/>\n*Dimension du calendrier : 10 x 30 cm<br \/>\n*Dimension des pastilles : 2 cm de diam\u00e8tre<\/p>\n<p>*Les crochets noirs sont fournis avec les pastilles.<\/p>\n<p>*Pour la personnalisation des pastilles, la liste doit \u00eatre transmise par message apr\u00e8s commande (pr\u00e9nom + date), *seul le jour de la date* au format num\u00e9rique est indiqu\u00e9e sur la pastille.<br \/>\nAttention, les pr\u00e9noms sont limit\u00e9s \u00e0 15 caract\u00e8res pour \u00eatre lisible. A partir de 8 lettres, la taille de la police commencera \u00e0 \u00eatre r\u00e9duite.<\/p>\n<p>N&#8217;h\u00e9sitez pas \u00e0 nous contactez, nous r\u00e9pondrons \u00e0 toutes vos questions y compris des personnalisations suppl\u00e9mentaires.<br \/>\nVous avez un projet particulier ? N&#8217;h\u00e9sitez pas \u00e0 nous contacter pour en discuter.<\/p>\n<p>Tous nos articles sont r\u00e9alis\u00e9s sur commande et le d\u00e9lais d\u00e9pends du nombre de commandes en cours.<br \/>\nToutes nos cr\u00e9ations sont faites dans notre atelier en France.<br \/>\nL\u2019envoi est s\u00e9curis\u00e9 avec num\u00e9ro de suivi.<\/p>\n<p>**Le bois \u00e9tant un mat\u00e9riau naturel, les objets peuvent ne pas \u00eatre parfait et comporter des diff\u00e9rences de couleurs, des fibres plus visible, des n\u0153uds etc.. Merci d&#8217;en tenir compte.**<\/p>\n<p>Contact : latelieraucarre.shop@gmail.com<br \/>\nPour suivre nos nouveaut\u00e9s, suivez-nous sur Instagram @latelier_au_carre<\/p>\n","protected":false},"excerpt":{"rendered":"<p>Calendrier anniversaires mural en bois personnalisable \u00e0 suspendre &#8211; Id\u00e9al cadeau no\u00ebl, anniversaire, f\u00eate.<\/p>\n","protected":false},"featured_media":151,"comment_status":"open","ping_status":"closed","template":"","meta":[],"product_brand":[],"product_cat":[25],"product_tag":[],"class_list":{"0":"post-136","1":"product","2":"type-product","3":"status-publish","4":"has-post-thumbnail","6":"product_cat-cadeaux","7":"product_shipping_class-boite-35x25x5","9":"first","10":"instock","11":"shipping-taxable","12":"purchasable","13":"product-type-variable"},"jetpack_sharing_enabled":true,"_links":{"self":[{"href":"https:\/\/www.latelieraucarre.com\/index.php\/wp-json\/wp\/v2\/product\/136","targetHints":{"allow":["GET"]}}],"collection":[{"href":"https:\/\/www.latelieraucarre.com\/index.php\/wp-json\/wp\/v2\/product"}],"about":[{"href":"https:\/\/www.latelieraucarre.com\/index.php\/wp-json\/wp\/v2\/types\/product"}],"replies":[{"embeddable":true,"href":"https:\/\/www.latelieraucarre.com\/index.php\/wp-json\/wp\/v2\/comments?post=136"}],"wp:featuredmedia":[{"embeddable":true,"href":"https:\/\/www.latelieraucarre.com\/index.php\/wp-json\/wp\/v2\/media\/151"}],"wp:attachment":[{"href":"https:\/\/www.latelieraucarre.com\/index.php\/wp-json\/wp\/v2\/media?parent=136"}],"wp:term":[{"taxonomy":"product_brand","embeddable":true,"href":"https:\/\/www.latelieraucarre.com\/index.php\/wp-json\/wp\/v2\/product_brand?post=136"},{"taxonomy":"product_cat","embeddable":true,"href":"https:\/\/www.latelieraucarre.com\/index.php\/wp-json\/wp\/v2\/product_cat?post=136"},{"taxonomy":"product_tag","embeddable":true,"href":"https:\/\/www.latelieraucarre.com\/index.php\/wp-json\/wp\/v2\/product_tag?post=136"}],"curies":[{"name":"wp","href":"https:\/\/api.w.org\/{rel}","templated":true}]}}